{"id":117,"date":"2023-03-16T09:49:46","date_gmt":"2023-03-16T09:49:46","guid":{"rendered":"https:\/\/oephosphera.com\/?page_id=117"},"modified":"2024-02-24T15:35:54","modified_gmt":"2024-02-24T15:35:54","slug":"nos-interventions","status":"publish","type":"page","link":"https:\/\/oephosphera.com\/index.php\/nos-interventions\/","title":{"rendered":"Nos interventions"},"content":{"rendered":"\n<p>Pour la compagnie Les oiseaux du hasard : \u00ab\u00a0Notre cr\u00e2ne comme accessoire\u00a0\u00bb de Igor Mendjisky<br>Mise en sc\u00e8ne Sol\u00e8ne Castets<\/p>\n\n\n\n<figure class=\"wp-block-image size-medium is-resized\"><img decoding=\"async\" src=\"https:\/\/oephosphera.com\/wp-content\/uploads\/2024\/02\/AFFICHE-TETARD_Plan-de-travail-1-212x300.jpg\" alt=\"\" class=\"wp-image-396\" width=\"225\" srcset=\"https:\/\/oephosphera.com\/wp-content\/uploads\/2024\/02\/AFFICHE-TETARD_Plan-de-travail-1-212x300.jpg 212w, https:\/\/oephosphera.com\/wp-content\/uploads\/2024\/02\/AFFICHE-TETARD_Plan-de-travail-1-724x1024.jpg 724w, https:\/\/oephosphera.com\/wp-content\/uploads\/2024\/02\/AFFICHE-TETARD_Plan-de-travail-1-768x1086.jpg 768w, https:\/\/oephosphera.com\/wp-content\/uploads\/2024\/02\/AFFICHE-TETARD_Plan-de-travail-1-1086x1536.jpg 1086w, https:\/\/oephosphera.com\/wp-content\/uploads\/2024\/02\/AFFICHE-TETARD_Plan-de-travail-1.jpg 1240w\" sizes=\"(max-width: 212px) 100vw, 212px\" \/><\/figure>\n\n\n\n<p class=\"has-vivid-red-color has-text-color has-small-font-size\">Pi\u00e8ce s\u00e9lectionn\u00e9e \u00e0 la 25\u00e8me \u00e9dition du Festival national de la FNCTA Marseille &#8211; repr\u00e9sentation le 23\/05\/2024 au Th\u00e9\u00e2tre de Lenche &#8211; Joliette<\/p>\n\n\n\n<div style=\"height:100px\" aria-hidden=\"true\" class=\"wp-block-spacer\"><\/div>\n\n\n\n<div class=\"wp-block-group is-vertical is-layout-flex wp-container-core-group-is-layout-1 wp-block-group-is-layout-flex\">\n<p>Pour la compagnie Les oiseaux du hasard : \u00ab\u00a0Tous des oiseaux\u00a0\u00bb de Wajdi Mouawad<br>Mise en sc\u00e8ne Sol\u00e8ne Castets<\/p>\n\n\n\n<figure class=\"wp-block-image size-medium\"><img loading=\"lazy\" decoding=\"async\" width=\"225\" height=\"300\" src=\"https:\/\/oephosphera.com\/wp-content\/uploads\/2023\/03\/tous-des-oiseaux-225x300.jpg\" alt=\"\" class=\"wp-image-123\" srcset=\"https:\/\/oephosphera.com\/wp-content\/uploads\/2023\/03\/tous-des-oiseaux-225x300.jpg 225w, https:\/\/oephosphera.com\/wp-content\/uploads\/2023\/03\/tous-des-oiseaux-768x1024.jpg 768w, https:\/\/oephosphera.com\/wp-content\/uploads\/2023\/03\/tous-des-oiseaux-1152x1536.jpg 1152w, https:\/\/oephosphera.com\/wp-content\/uploads\/2023\/03\/tous-des-oiseaux-1537x2048.jpg 1537w, https:\/\/oephosphera.com\/wp-content\/uploads\/2023\/03\/tous-des-oiseaux-scaled.jpg 1921w\" sizes=\"(max-width: 225px) 100vw, 225px\" \/><\/figure>\n\n\n\n<div style=\"height:100px\" aria-hidden=\"true\" class=\"wp-block-spacer\"><\/div>\n\n\n\n<p><\/p>\n<\/div>\n\n\n\n<div class=\"wp-block-group is-vertical is-layout-flex wp-container-core-group-is-layout-2 wp-block-group-is-layout-flex\">\n<p>Pour la classe ULIS du coll\u00e8ge Auguste Renoir (Marseille) en collaboration avec le ZEF : initiation au th\u00e9\u00e2tre et projet de cr\u00e9ation : \u00ab\u00a0Les silences en silex\u00a0\u00bb<br>\u00c9criture et mise en sc\u00e8ne Sol\u00e8ne Castets<\/p>\n\n\n\n<figure class=\"wp-block-image size-medium\"><img loading=\"lazy\" decoding=\"async\" width=\"300\" height=\"169\" src=\"https:\/\/oephosphera.com\/wp-content\/uploads\/2023\/03\/silences-silex-300x169.jpg\" alt=\"\" class=\"wp-image-175\" srcset=\"https:\/\/oephosphera.com\/wp-content\/uploads\/2023\/03\/silences-silex-300x169.jpg 300w, https:\/\/oephosphera.com\/wp-content\/uploads\/2023\/03\/silences-silex.jpg 619w\" sizes=\"(max-width: 300px) 100vw, 300px\" \/><\/figure>\n<\/div>\n\n\n\n<div style=\"height:100px\" aria-hidden=\"true\" class=\"wp-block-spacer\"><\/div>\n\n\n\n<p>Pour le th\u00e9\u00e2tre du Carr\u00e9 Rond : \u00ab\u00a0Le Ma\u00eetre et Marguerite\u00a0\u00bb de Igor Mendjisky d&rsquo;apr\u00e8s Mikha\u00efl Boulgakov<br>Mise en sc\u00e8ne Sol\u00e8ne Castets<\/p>\n\n\n\n<figure class=\"wp-block-image size-medium is-resized\"><img loading=\"lazy\" decoding=\"async\" src=\"https:\/\/oephosphera.com\/wp-content\/uploads\/2023\/03\/Maitre-et-Marguerite-224x300.jpg\" alt=\"\" class=\"wp-image-124\" width=\"224\" height=\"300\" srcset=\"https:\/\/oephosphera.com\/wp-content\/uploads\/2023\/03\/Maitre-et-Marguerite-224x300.jpg 224w, https:\/\/oephosphera.com\/wp-content\/uploads\/2023\/03\/Maitre-et-Marguerite-763x1024.jpg 763w, https:\/\/oephosphera.com\/wp-content\/uploads\/2023\/03\/Maitre-et-Marguerite-768x1030.jpg 768w, https:\/\/oephosphera.com\/wp-content\/uploads\/2023\/03\/Maitre-et-Marguerite-1145x1536.jpg 1145w, https:\/\/oephosphera.com\/wp-content\/uploads\/2023\/03\/Maitre-et-Marguerite.jpg 1148w\" sizes=\"(max-width: 224px) 100vw, 224px\" \/><\/figure>\n\n\n\n<p><\/p>\n","protected":false},"excerpt":{"rendered":"<p>Pour la compagnie Les oiseaux du hasard : \u00ab\u00a0Notre cr\u00e2ne comme accessoire\u00a0\u00bb de Igor MendjiskyMise en sc\u00e8ne Sol\u00e8ne Castets Pi\u00e8ce s\u00e9lectionn\u00e9e \u00e0 la 25\u00e8me \u00e9dition du Festival national de la FNCTA Marseille &#8211; repr\u00e9sentation le 23\/05\/2024 au Th\u00e9\u00e2tre de Lenche &#8211; Joliette Pour la compagnie Les oiseaux du hasard : \u00ab\u00a0Tous des oiseaux\u00a0\u00bb de Wajdi &hellip; <\/p>\n<p class=\"link-more\"><a href=\"https:\/\/oephosphera.com\/index.php\/nos-interventions\/\" class=\"more-link\">Continuer la lecture<span class=\"screen-reader-text\"> de &laquo;&nbsp;Nos interventions&nbsp;&raquo;<\/span><\/a><\/p>\n","protected":false},"author":1,"featured_media":0,"parent":0,"menu_order":0,"comment_status":"closed","ping_status":"closed","template":"","meta":{"footnotes":""},"class_list":["post-117","page","type-page","status-publish","hentry"],"_links":{"self":[{"href":"https:\/\/oephosphera.com\/index.php\/wp-json\/wp\/v2\/pages\/117"}],"collection":[{"href":"https:\/\/oephosphera.com\/index.php\/wp-json\/wp\/v2\/pages"}],"about":[{"href":"https:\/\/oephosphera.com\/index.php\/wp-json\/wp\/v2\/types\/page"}],"author":[{"embeddable":true,"href":"https:\/\/oephosphera.com\/index.php\/wp-json\/wp\/v2\/users\/1"}],"replies":[{"embeddable":true,"href":"https:\/\/oephosphera.com\/index.php\/wp-json\/wp\/v2\/comments?post=117"}],"version-history":[{"count":25,"href":"https:\/\/oephosphera.com\/index.php\/wp-json\/wp\/v2\/pages\/117\/revisions"}],"predecessor-version":[{"id":404,"href":"https:\/\/oephosphera.com\/index.php\/wp-json\/wp\/v2\/pages\/117\/revisions\/404"}],"wp:attachment":[{"href":"https:\/\/oephosphera.com\/index.php\/wp-json\/wp\/v2\/media?parent=117"}],"curies":[{"name":"wp","href":"https:\/\/api.w.org\/{rel}","templated":true}]}}