{"id":2,"date":"2023-03-15T01:16:07","date_gmt":"2023-03-15T01:16:07","guid":{"rendered":"http:\/\/oephosphera.com\/?page_id=2"},"modified":"2024-02-05T09:30:45","modified_gmt":"2024-02-05T09:30:45","slug":"sample-page","status":"publish","type":"page","link":"https:\/\/oephosphera.com\/","title":{"rendered":"\u0152phosphera"},"content":{"rendered":"\n<div class=\"wp-block-cover has-x-large-font-size\" style=\"min-height:146px;aspect-ratio:unset;\"><span aria-hidden=\"true\" class=\"wp-block-cover__background has-background-dim-20 has-background-dim\"><\/span><img loading=\"lazy\" decoding=\"async\" width=\"856\" height=\"856\" class=\"wp-block-cover__image-background wp-image-208\" alt=\"\" src=\"http:\/\/oephosphera.com\/wp-content\/uploads\/2023\/03\/reunification5.jpg\" style=\"object-position:50% 8%\" data-object-fit=\"cover\" data-object-position=\"50% 8%\" srcset=\"https:\/\/oephosphera.com\/wp-content\/uploads\/2023\/03\/reunification5.jpg 856w, https:\/\/oephosphera.com\/wp-content\/uploads\/2023\/03\/reunification5-300x300.jpg 300w, https:\/\/oephosphera.com\/wp-content\/uploads\/2023\/03\/reunification5-150x150.jpg 150w, https:\/\/oephosphera.com\/wp-content\/uploads\/2023\/03\/reunification5-768x768.jpg 768w, https:\/\/oephosphera.com\/wp-content\/uploads\/2023\/03\/reunification5-100x100.jpg 100w\" sizes=\"(max-width: 767px) 89vw, (max-width: 1000px) 54vw, (max-width: 1071px) 543px, 580px\" \/><div class=\"wp-block-cover__inner-container is-layout-flow wp-block-cover-is-layout-flow\">\n<p class=\"has-text-align-right has-text-color\" style=\"color:#d3e5e5;font-size:11px\">\u00ab\u00a0<em>Heureux les f\u00eal\u00e9s<br>car ils laisseront<br>passer la lumi\u00e8re<\/em>\u00a0\u00bb <\/p>\n\n\n\n<p class=\"has-text-align-right has-text-color\" style=\"color:#d3e5e5;font-size:11px\">Michel Audiard<\/p>\n<\/div><\/div>\n\n\n\n<blockquote class=\"wp-block-quote is-layout-flow wp-block-quote-is-layout-flow\">\n<blockquote class=\"wp-block-quote is-layout-flow wp-block-quote-is-layout-flow\">\n<p><\/p>\n<\/blockquote>\n<\/blockquote>\n\n\n\n<p>Noir. Lumi\u00e8re.<\/p>\n\n\n\n<p>Aux origines. Un \u00e9clair. Puis des millions. La vie se d\u00e9ploie. Lentement. S&rsquo;insinue dans l&rsquo;eau, dans la roche, se ramifie en cellules, poursuit sa course appliqu\u00e9e, constante et silencieuse, jusqu&rsquo;\u00e0 se faire os, se faire sang.<\/p>\n\n\n\n<p>Noir dans la salle. On attend. Le silence, ce ventre creux, n&rsquo;attend qu&rsquo;un signe, un sursaut, une voix, une vision pour enfanter le monstre. Nos imaginaires.<\/p>\n\n\n\n<p>Un faisceau de projecteur. Et soudain l&rsquo;acteur na\u00eet. Nu dans sa lumi\u00e8re. Et avec lui appara\u00eet tout un nouveau monde, et l&rsquo;on navigue dans cette \u00e8re inconnue comme si l&rsquo;on sentait, ressentait quelque chose de tangible, alors que non, rien n&rsquo;existe vraiment.<\/p>\n\n\n\n<p>Un nouveau monde pour regarder l&rsquo;autre. Tout en plongeant dans nos propres entrailles. \u00c9clairer en creux ce que l&rsquo;on n&rsquo;ose voir, guetter la v\u00e9rit\u00e9 comme la lionne guette sa proie, chercher la lumi\u00e8re dans l&rsquo;obscurit\u00e9 de nos consciences.&nbsp;<\/p>\n\n\n\n<p>Aimer. Partager. Transcender. \u00c9veiller.<\/p>\n\n\n\n<p>Notre mission : interroger ce que l&rsquo;on cache. D\u00e9voiler ce qui d\u00e9range. S&rsquo;appliquer \u00e0 faire na\u00eetre la magie dans l&rsquo;ordinaire. Lire entre les lignes. Apprendre \u00e0 regarder. Et rire bien-s\u00fbr. Comme on pourrait pleurer. Danser chaque \u00e9motion. Offrir \u00e0 chaque geste, \u00e0 chaque mot, \u00e0 chaque instant, l&rsquo;intensit\u00e9 d&rsquo;une \u00e9treinte.<\/p>\n\n\n\n<p>Et peut-\u00eatre, lorsque le dernier projecteur aura \u00e9teint sa flamme, sonnant le glas de l&rsquo;autre monde, lorsque nous, com\u00e9diens, danseurs, magiciens, alchimistes, irons en coulisses d\u00e9livrer notre fatigue, peut-\u00eatre restera-t-il un peu de cette incandescence, lov\u00e9e dans le ventre rond des spectateurs complices, comme un espoir phosphorescent.<\/p>\n","protected":false},"excerpt":{"rendered":"<p>Noir. Lumi\u00e8re. Aux origines. Un \u00e9clair. Puis des millions. La vie se d\u00e9ploie. Lentement. S&rsquo;insinue dans l&rsquo;eau, dans la roche, se ramifie en cellules, poursuit sa course appliqu\u00e9e, constante et silencieuse, jusqu&rsquo;\u00e0 se faire os, se faire sang. Noir dans la salle. On attend. Le silence, ce ventre creux, n&rsquo;attend qu&rsquo;un signe, un sursaut, une &hellip; <\/p>\n<p class=\"link-more\"><a href=\"https:\/\/oephosphera.com\/\" class=\"more-link\">Continuer la lecture<span class=\"screen-reader-text\"> de &laquo;&nbsp;\u0152phosphera&nbsp;&raquo;<\/span><\/a><\/p>\n","protected":false},"author":1,"featured_media":0,"parent":0,"menu_order":0,"comment_status":"closed","ping_status":"open","template":"","meta":{"footnotes":""},"class_list":["post-2","page","type-page","status-publish","hentry"],"_links":{"self":[{"href":"https:\/\/oephosphera.com\/index.php\/wp-json\/wp\/v2\/pages\/2"}],"collection":[{"href":"https:\/\/oephosphera.com\/index.php\/wp-json\/wp\/v2\/pages"}],"about":[{"href":"https:\/\/oephosphera.com\/index.php\/wp-json\/wp\/v2\/types\/page"}],"author":[{"embeddable":true,"href":"https:\/\/oephosphera.com\/index.php\/wp-json\/wp\/v2\/users\/1"}],"replies":[{"embeddable":true,"href":"https:\/\/oephosphera.com\/index.php\/wp-json\/wp\/v2\/comments?post=2"}],"version-history":[{"count":29,"href":"https:\/\/oephosphera.com\/index.php\/wp-json\/wp\/v2\/pages\/2\/revisions"}],"predecessor-version":[{"id":389,"href":"https:\/\/oephosphera.com\/index.php\/wp-json\/wp\/v2\/pages\/2\/revisions\/389"}],"wp:attachment":[{"href":"https:\/\/oephosphera.com\/index.php\/wp-json\/wp\/v2\/media?parent=2"}],"curies":[{"name":"wp","href":"https:\/\/api.w.org\/{rel}","templated":true}]}}