{"id":23,"date":"2023-03-15T13:23:18","date_gmt":"2023-03-15T13:23:18","guid":{"rendered":"https:\/\/oephosphera.com\/?page_id=23"},"modified":"2024-10-17T12:44:01","modified_gmt":"2024-10-17T12:44:01","slug":"nos-creations","status":"publish","type":"page","link":"https:\/\/oephosphera.com\/index.php\/nos-creations\/","title":{"rendered":"Nos cr\u00e9ations"},"content":{"rendered":"\n<p><strong>Les Maupassantes<\/strong> adaptation et mise en sc\u00e8ne Sol\u00e8ne Castets<\/p>\n\n\n\n<figure class=\"wp-block-gallery has-nested-images columns-default is-cropped wp-block-gallery-1 is-layout-flex wp-block-gallery-is-layout-flex\">\n<figure class=\"wp-block-image size-large\"><img loading=\"lazy\" decoding=\"async\" width=\"1024\" height=\"1024\" data-id=\"189\" src=\"https:\/\/oephosphera.com\/wp-content\/uploads\/2023\/03\/maupassantes-2-1-1024x1024.jpg\" alt=\"\" class=\"wp-image-189\" srcset=\"https:\/\/oephosphera.com\/wp-content\/uploads\/2023\/03\/maupassantes-2-1-1024x1024.jpg 1024w, https:\/\/oephosphera.com\/wp-content\/uploads\/2023\/03\/maupassantes-2-1-300x300.jpg 300w, https:\/\/oephosphera.com\/wp-content\/uploads\/2023\/03\/maupassantes-2-1-150x150.jpg 150w, https:\/\/oephosphera.com\/wp-content\/uploads\/2023\/03\/maupassantes-2-1-768x768.jpg 768w, https:\/\/oephosphera.com\/wp-content\/uploads\/2023\/03\/maupassantes-2-1-100x100.jpg 100w, https:\/\/oephosphera.com\/wp-content\/uploads\/2023\/03\/maupassantes-2-1.jpg 1200w\" sizes=\"(max-width: 767px) 89vw, (max-width: 1000px) 54vw, (max-width: 1071px) 543px, 580px\" \/><\/figure>\n\n\n\n<figure class=\"wp-block-image size-large\"><img loading=\"lazy\" decoding=\"async\" width=\"1024\" height=\"1024\" data-id=\"186\" src=\"https:\/\/oephosphera.com\/wp-content\/uploads\/2023\/03\/maupassantes-3-1024x1024.jpg\" alt=\"\" class=\"wp-image-186\" srcset=\"https:\/\/oephosphera.com\/wp-content\/uploads\/2023\/03\/maupassantes-3-1024x1024.jpg 1024w, https:\/\/oephosphera.com\/wp-content\/uploads\/2023\/03\/maupassantes-3-300x300.jpg 300w, https:\/\/oephosphera.com\/wp-content\/uploads\/2023\/03\/maupassantes-3-150x150.jpg 150w, https:\/\/oephosphera.com\/wp-content\/uploads\/2023\/03\/maupassantes-3-768x768.jpg 768w, https:\/\/oephosphera.com\/wp-content\/uploads\/2023\/03\/maupassantes-3-100x100.jpg 100w, https:\/\/oephosphera.com\/wp-content\/uploads\/2023\/03\/maupassantes-3.jpg 1200w\" sizes=\"(max-width: 767px) 89vw, (max-width: 1000px) 54vw, (max-width: 1071px) 543px, 580px\" \/><\/figure>\n\n\n\n<figure class=\"wp-block-image size-large\"><img loading=\"lazy\" decoding=\"async\" width=\"1024\" height=\"1024\" data-id=\"188\" src=\"https:\/\/oephosphera.com\/wp-content\/uploads\/2023\/03\/maupassantes-1024x1024.jpg\" alt=\"\" class=\"wp-image-188\" srcset=\"https:\/\/oephosphera.com\/wp-content\/uploads\/2023\/03\/maupassantes-1024x1024.jpg 1024w, https:\/\/oephosphera.com\/wp-content\/uploads\/2023\/03\/maupassantes-300x300.jpg 300w, https:\/\/oephosphera.com\/wp-content\/uploads\/2023\/03\/maupassantes-150x150.jpg 150w, https:\/\/oephosphera.com\/wp-content\/uploads\/2023\/03\/maupassantes-768x768.jpg 768w, https:\/\/oephosphera.com\/wp-content\/uploads\/2023\/03\/maupassantes-100x100.jpg 100w, https:\/\/oephosphera.com\/wp-content\/uploads\/2023\/03\/maupassantes.jpg 1200w\" sizes=\"(max-width: 767px) 89vw, (max-width: 1000px) 54vw, (max-width: 1071px) 543px, 580px\" \/><\/figure>\n\n\n\n<figure class=\"wp-block-image size-large\"><img loading=\"lazy\" decoding=\"async\" width=\"1024\" height=\"1024\" data-id=\"187\" src=\"https:\/\/oephosphera.com\/wp-content\/uploads\/2023\/03\/maupassantes-la-rempailleuse-1-1024x1024.jpg\" alt=\"\" class=\"wp-image-187\" srcset=\"https:\/\/oephosphera.com\/wp-content\/uploads\/2023\/03\/maupassantes-la-rempailleuse-1-1024x1024.jpg 1024w, https:\/\/oephosphera.com\/wp-content\/uploads\/2023\/03\/maupassantes-la-rempailleuse-1-300x300.jpg 300w, https:\/\/oephosphera.com\/wp-content\/uploads\/2023\/03\/maupassantes-la-rempailleuse-1-150x150.jpg 150w, https:\/\/oephosphera.com\/wp-content\/uploads\/2023\/03\/maupassantes-la-rempailleuse-1-768x768.jpg 768w, https:\/\/oephosphera.com\/wp-content\/uploads\/2023\/03\/maupassantes-la-rempailleuse-1-100x100.jpg 100w, https:\/\/oephosphera.com\/wp-content\/uploads\/2023\/03\/maupassantes-la-rempailleuse-1.jpg 1200w\" sizes=\"(max-width: 767px) 89vw, (max-width: 1000px) 54vw, (max-width: 1071px) 543px, 580px\" \/><\/figure>\n<\/figure>\n\n\n\n<p>Spectacle tout public, 1h40<\/p>\n\n\n\n<p>Adaptation de quatre nouvelles de Guy de Maupassant : La parure, La rempailleuse, L&rsquo;ivrogne, La chevelure.<\/p>\n\n\n\n<p><\/p>\n\n\n\n<p>Une soir\u00e9e presque ordinaire&#8230;<br>Charles re\u00e7oit la visite inattendue de Gontran, un ami qu&rsquo;il n&rsquo;a pas vu depuis longtemps. Les retrouvailles sont gaies, les deux hommes plaisantent et boivent verre apr\u00e8s verre. Mais Gontran cache quelque chose&#8230; Le souvenir d&rsquo;une femme le hante, souvenir qui \u00e9veille en lui une haine inexorable.<\/p>\n\n\n\n<p>Les deux hommes se mettent alors \u00e0 d\u00e9battre d&rsquo;amour, convoquant tour \u00e0 tour les portraits de celles qui marqu\u00e8rent leurs esprits. Mathilde Loisel qui perdit sa Parure, la petite Rempailleuse qui \u00e9conomisa toute sa vie pour acheter l&rsquo;amour d&rsquo;un homme qui n&rsquo;\u00e9tait pas de sa condition&#8230; Mais plus l&rsquo;heure avance et plus coule l&rsquo;alcool, plus les histoires qu&rsquo;ils racontent prennent le pas sur leur r\u00e9alit\u00e9 : le r\u00e9cit de l&rsquo;Ivrogne r\u00e9sonne comme un mauvais pr\u00e9sage, puis celle de la Chevelure comme une mal\u00e9diction&#8230; Et les deux hommes se retrouvent bient\u00f4t pris au pi\u00e8ge de leurs \u00e9vocations.<\/p>\n\n\n\n<p>Avec : Ma\u00eflys Castets, Yoann Fayolle\/Valentin Faraut, J\u00e9r\u00f4me Lebourg\/Alexis Pottier<\/p>\n\n\n\n<p><\/p>\n\n\n\n<p><a href=\"https:\/\/www.billetreduc.com\/346306\/evt.htm\">https:\/\/www.billetreduc.com\/346306\/evt.htm<\/a><\/p>\n","protected":false},"excerpt":{"rendered":"<p>Les Maupassantes adaptation et mise en sc\u00e8ne Sol\u00e8ne Castets Spectacle tout public, 1h40 Adaptation de quatre nouvelles de Guy de Maupassant : La parure, La rempailleuse, L&rsquo;ivrogne, La chevelure. Une soir\u00e9e presque ordinaire&#8230;Charles re\u00e7oit la visite inattendue de Gontran, un ami qu&rsquo;il n&rsquo;a pas vu depuis longtemps. Les retrouvailles sont gaies, les deux hommes plaisantent &hellip; <\/p>\n<p class=\"link-more\"><a href=\"https:\/\/oephosphera.com\/index.php\/nos-creations\/\" class=\"more-link\">Continuer la lecture<span class=\"screen-reader-text\"> de &laquo;&nbsp;Nos cr\u00e9ations&nbsp;&raquo;<\/span><\/a><\/p>\n","protected":false},"author":1,"featured_media":0,"parent":0,"menu_order":0,"comment_status":"closed","ping_status":"closed","template":"","meta":{"footnotes":""},"class_list":["post-23","page","type-page","status-publish","hentry"],"_links":{"self":[{"href":"https:\/\/oephosphera.com\/index.php\/wp-json\/wp\/v2\/pages\/23"}],"collection":[{"href":"https:\/\/oephosphera.com\/index.php\/wp-json\/wp\/v2\/pages"}],"about":[{"href":"https:\/\/oephosphera.com\/index.php\/wp-json\/wp\/v2\/types\/page"}],"author":[{"embeddable":true,"href":"https:\/\/oephosphera.com\/index.php\/wp-json\/wp\/v2\/users\/1"}],"replies":[{"embeddable":true,"href":"https:\/\/oephosphera.com\/index.php\/wp-json\/wp\/v2\/comments?post=23"}],"version-history":[{"count":12,"href":"https:\/\/oephosphera.com\/index.php\/wp-json\/wp\/v2\/pages\/23\/revisions"}],"predecessor-version":[{"id":452,"href":"https:\/\/oephosphera.com\/index.php\/wp-json\/wp\/v2\/pages\/23\/revisions\/452"}],"wp:attachment":[{"href":"https:\/\/oephosphera.com\/index.php\/wp-json\/wp\/v2\/media?parent=23"}],"curies":[{"name":"wp","href":"https:\/\/api.w.org\/{rel}","templated":true}]}}